{"id":2,"date":"2009-10-21T22:39:21","date_gmt":"2009-10-21T22:39:21","guid":{"rendered":"https:\/\/www.campus-porumbacu.ro\/?page_id=19"},"modified":"2013-03-04T18:43:12","modified_gmt":"2013-03-04T18:43:12","slug":"donatii","status":"publish","type":"page","link":"https:\/\/www.campus-porumbacu.ro\/ro\/donatii\/","title":{"rendered":"Dona\u021bii"},"content":{"rendered":"<p>Dumnezeu poate realiza orice \u201ef\u0103r\u0103 ajutorul vreunei m\u00e2ini omene\u015fti\u201c \u2013 a demonstrat-o de at\u00e2tea ori \u015fi o va demonstra din nou, dac\u0103 va fi nevoie. Totu\u015fi, pentru a ne face accesibil\u0103 bucuria binelui \u00eemplinit \u015fi a nu ne r\u0103pi binecuv\u00e2ntarea de a fi \u201e\u00eempreun\u0103 lucr\u0103tori cu Dumnezeu\u201c, ne-a dat \u015fansa de a-I fi parteneri \u00een lucr\u0103rile pe care le face spre fericirea prezent\u0103 \u015fi ve\u015fnic\u0103 a oamenilor.<\/p>\n<p>De aceea to\u0163i cei care doresc s\u0103 accepte oferta acestui parteneriat \u00een cazul concret al Proiectului \u201eCampus AZSMR\u201c sunt bineveni\u0163i s\u0103 sus\u0163in\u0103 prin contribu\u0163iile lor realizarea sa, vir\u00e2nd sumele aferente \u00een contul:<\/p>\n<p><strong>ASOC. RELIGIOAS\u0102 A ADVENTI\u015eTILOR DE ZIUA A \u015eAPTEA MI\u015eCAREA DE REFORM\u0102<br \/>\ncod. IBAN  RON: RO74 BRDE 080S V188 4264 0800<br \/>\ncod. IBAN  EURO: RO82 BRDE 080S V188 4248 0800<br \/>\nBRD F\u0102G\u0102RA\u015e, B-dul Unirii bl.2<br \/>\ncod. SWIFT BRDEROBU<\/strong><\/p>\n<p> \u201eFiecare s\u0103 dea dup\u0103 cum a hot\u0103r\u00e2t \u00een inima lui: nu cu p\u0103rere de r\u0103u sau de sil\u0103, c\u0103ci \u201epe cine d\u0103 cu bucurie \u00eel iube\u015fte Dumnezeu.\u201d 2 Cor. 9:7  <\/p>\n<p>V\u0103 mul\u0163umim!<\/p>","protected":false},"excerpt":{"rendered":"<p>Dumnezeu poate realiza orice \u201ef\u0103r\u0103 ajutorul vreunei m\u00e2ini omene\u015fti\u201c \u2013 a demonstrat-o de at\u00e2tea ori \u015fi o va demonstra din nou, dac\u0103 va fi nevoie. Totu\u015fi, pentru a ne face accesibil\u0103 bucuria binelui \u00eemplinit \u015fi a nu ne r\u0103pi binecuv\u00e2ntarea de a fi \u201e\u00eempreun\u0103 lucr\u0103tori cu Dumnezeu\u201c, ne-a dat \u015fansa de a-I fi parteneri \u00een [&hellip;]<\/p>\n","protected":false},"author":2,"featured_media":0,"parent":0,"menu_order":0,"comment_status":"closed","ping_status":"closed","template":"","meta":[],"jetpack_sharing_enabled":true,"_links":{"self":[{"href":"https:\/\/www.campus-porumbacu.ro\/ro\/wp-json\/wp\/v2\/pages\/2"}],"collection":[{"href":"https:\/\/www.campus-porumbacu.ro\/ro\/wp-json\/wp\/v2\/pages"}],"about":[{"href":"https:\/\/www.campus-porumbacu.ro\/ro\/wp-json\/wp\/v2\/types\/page"}],"author":[{"embeddable":true,"href":"https:\/\/www.campus-porumbacu.ro\/ro\/wp-json\/wp\/v2\/users\/2"}],"replies":[{"embeddable":true,"href":"https:\/\/www.campus-porumbacu.ro\/ro\/wp-json\/wp\/v2\/comments?post=2"}],"version-history":[{"count":0,"href":"https:\/\/www.campus-porumbacu.ro\/ro\/wp-json\/wp\/v2\/pages\/2\/revisions"}],"wp:attachment":[{"href":"https:\/\/www.campus-porumbacu.ro\/ro\/wp-json\/wp\/v2\/media?parent=2"}],"curies":[{"name":"wp","href":"https:\/\/api.w.org\/{rel}","templated":true}]}}